{"id":15,"date":"2025-08-27T14:57:54","date_gmt":"2025-08-27T17:57:54","guid":{"rendered":"http:\/\/localhost\/colfarma\/?page_id=15"},"modified":"2026-01-20T12:04:40","modified_gmt":"2026-01-20T15:04:40","slug":"contacto","status":"publish","type":"page","link":"https:\/\/colfarma.info\/pilar\/contacto\/","title":{"rendered":"Contacto"},"content":{"rendered":"<div id=\"pl-gb15-69ef9eba000b4\"  class=\"panel-layout\" ><div id=\"pg-gb15-69ef9eba000b4-0\"  class=\"panel-grid panel-no-style\" ><div id=\"pgc-gb15-69ef9eba000b4-0-0\"  class=\"panel-grid-cell\" ><div class=\"so-rounded panel-cell-style panel-cell-style-for-gb15-69ef9eba000b4-0-0\" ><div id=\"panel-gb15-69ef9eba000b4-0-0-0\" class=\"so-panel widget widget_text panel-first-child\" data-index=\"0\" >\t\t\t<div class=\"textwidget\"><h3>Estamos para ayudarte<\/h3>\n<p>Si ten\u00e9s alguna consulta, sugerencia o necesit\u00e1s m\u00e1s informaci\u00f3n sobre nuestros servicios, no dudes en escribirnos. Nuestro compromiso es acompa\u00f1arte con atenci\u00f3n profesional y de confianza.<\/p>\n<\/div>\n\t\t<\/div><div id=\"panel-gb15-69ef9eba000b4-0-0-1\" class=\"so-panel widget widget_text panel-last-child\" data-index=\"1\" >\t\t\t<div class=\"textwidget\"><p><i class=\"fa-brands fa-facebook-f\"><\/i> <a href=\"https:\/\/www.facebook.com\/people\/Colfarma-Pilar\/61579756524663\/\">Colfarma Pilar<\/a><\/p>\n<p><i class=\"fa-brands fa-instagram\"><\/i> <a href=\"https:\/\/www.instagram.com\/colfarmapilar\/\">@colfarmapilar<\/a><\/p>\n<p><i class=\"fa-solid fa-phone\"><\/i> +54 230 442\u00a01134<\/p>\n<p><i class=\"fa-solid fa-envelope\"><\/i> colfarmapila.oficial@gmail.com<\/p>\n<\/div>\n\t\t<\/div><\/div><\/div><div id=\"pgc-gb15-69ef9eba000b4-0-1\"  class=\"panel-grid-cell\" ><div id=\"panel-gb15-69ef9eba000b4-0-1-0\" class=\"widget_text so-panel widget widget_custom_html panel-first-child panel-last-child\" data-index=\"2\" ><div class=\"textwidget custom-html-widget\">\n<div class=\"wpcf7 no-js\" id=\"wpcf7-f131-o1\" lang=\"es-AR\" dir=\"ltr\" data-wpcf7-id=\"131\">\n<div class=\"screen-reader-response\"><p role=\"status\" aria-live=\"polite\" aria-atomic=\"true\"><\/p> <ul><\/ul><\/div>\n<form action=\"\/pilar\/wp-json\/wp\/v2\/pages\/15#wpcf7-f131-o1\" method=\"post\" class=\"wpcf7-form init\" aria-label=\"Formulario de contacto\" novalidate=\"novalidate\" data-status=\"init\">\n<fieldset class=\"hidden-fields-container\"><input type=\"hidden\" name=\"_wpcf7\" value=\"131\" \/><input type=\"hidden\" name=\"_wpcf7_version\" value=\"6.1.3\" \/><input type=\"hidden\" name=\"_wpcf7_locale\" value=\"es_AR\" \/><input type=\"hidden\" name=\"_wpcf7_unit_tag\" value=\"wpcf7-f131-o1\" \/><input type=\"hidden\" name=\"_wpcf7_container_post\" value=\"0\" \/><input type=\"hidden\" name=\"_wpcf7_posted_data_hash\" value=\"\" \/>\n<\/fieldset>\n<p><label> Nombre<br \/>\n<span class=\"wpcf7-form-control-wrap\" data-name=\"your-name\"><input size=\"40\" maxlength=\"400\" class=\"wpcf7-form-control wpcf7-text wpcf7-validates-as-required\" autocomplete=\"name\" aria-required=\"true\" aria-invalid=\"false\" value=\"\" type=\"text\" name=\"your-name\" \/><\/span> <\/label>\n<\/p>\n<p><label> Email<br \/>\n<span class=\"wpcf7-form-control-wrap\" data-name=\"your-email\"><input size=\"40\" maxlength=\"400\" class=\"wpcf7-form-control wpcf7-email wpcf7-validates-as-required wpcf7-text wpcf7-validates-as-email\" autocomplete=\"email\" aria-required=\"true\" aria-invalid=\"false\" value=\"\" type=\"email\" name=\"your-email\" \/><\/span> <\/label>\n<\/p>\n<p><label> Asunto<br \/>\n<span class=\"wpcf7-form-control-wrap\" data-name=\"your-subject\"><input size=\"40\" maxlength=\"400\" class=\"wpcf7-form-control wpcf7-text wpcf7-validates-as-required\" aria-required=\"true\" aria-invalid=\"false\" value=\"\" type=\"text\" name=\"your-subject\" \/><\/span> <\/label>\n<\/p>\n<p><label> Mensaje<br \/>\n<span class=\"wpcf7-form-control-wrap\" data-name=\"your-message\"><textarea cols=\"40\" rows=\"10\" maxlength=\"2000\" class=\"wpcf7-form-control wpcf7-textarea\" aria-invalid=\"false\" name=\"your-message\"><\/textarea><\/span> <\/label>\n<\/p>\n<p><input class=\"wpcf7-form-control wpcf7-submit has-spinner\" type=\"submit\" value=\"Enviar\" \/>\n<\/p><p style=\"display: none !important;\" class=\"akismet-fields-container\" data-prefix=\"_wpcf7_ak_\"><label>&#916;<textarea name=\"_wpcf7_ak_hp_textarea\" cols=\"45\" rows=\"8\" maxlength=\"100\"><\/textarea><\/label><input type=\"hidden\" id=\"ak_js_1\" name=\"_wpcf7_ak_js\" value=\"59\"\/><script>document.getElementById( \"ak_js_1\" ).setAttribute( \"value\", ( new Date() ).getTime() );<\/script><\/p><div class=\"wpcf7-response-output\" aria-hidden=\"true\"><\/div>\n<\/form>\n<\/div>\n<\/div><\/div><\/div><\/div><\/div>","protected":false},"excerpt":{"rendered":"<p>Estamos para ayudarte Si ten\u00e9s alguna consulta, sugerencia o necesit\u00e1s m\u00e1s informaci\u00f3n sobre nuestros servicios, no dudes en escribirnos. Nuestro compromiso es acompa\u00f1arte con atenci\u00f3n profesional y de confianza. Colfarma Pilar @colfarmapilar +54 230 442\u00a01134 colfarmapila.oficial@gmail.com<\/p>\n","protected":false},"author":1,"featured_media":0,"parent":0,"menu_order":0,"comment_status":"closed","ping_status":"closed","template":"","meta":{"_acf_changed":false,"footnotes":""},"class_list":["post-15","page","type-page","status-publish","hentry"],"acf":[],"_links":{"self":[{"href":"https:\/\/colfarma.info\/pilar\/wp-json\/wp\/v2\/pages\/15","targetHints":{"allow":["GET"]}}],"collection":[{"href":"https:\/\/colfarma.info\/pilar\/wp-json\/wp\/v2\/pages"}],"about":[{"href":"https:\/\/colfarma.info\/pilar\/wp-json\/wp\/v2\/types\/page"}],"author":[{"embeddable":true,"href":"https:\/\/colfarma.info\/pilar\/wp-json\/wp\/v2\/users\/1"}],"replies":[{"embeddable":true,"href":"https:\/\/colfarma.info\/pilar\/wp-json\/wp\/v2\/comments?post=15"}],"version-history":[{"count":14,"href":"https:\/\/colfarma.info\/pilar\/wp-json\/wp\/v2\/pages\/15\/revisions"}],"predecessor-version":[{"id":485,"href":"https:\/\/colfarma.info\/pilar\/wp-json\/wp\/v2\/pages\/15\/revisions\/485"}],"wp:attachment":[{"href":"https:\/\/colfarma.info\/pilar\/wp-json\/wp\/v2\/media?parent=15"}],"curies":[{"name":"wp","href":"https:\/\/api.w.org\/{rel}","templated":true}]}}