{"id":752,"date":"2017-12-13T08:11:05","date_gmt":"2017-12-13T11:11:05","guid":{"rendered":"http:\/\/colfarma.info\/colfarmasanisidro\/?page_id=752"},"modified":"2024-09-15T20:34:07","modified_gmt":"2024-09-15T23:34:07","slug":"clasificados","status":"publish","type":"page","link":"http:\/\/colfarma.info\/colfarmasanisidro\/clasificados\/","title":{"rendered":"Clasificados"},"content":{"rendered":"\t\t<div data-elementor-type=\"wp-page\" data-elementor-id=\"752\" class=\"elementor elementor-752\">\n\t\t\t\t\t\t<section class=\"elementor-section elementor-top-section elementor-element elementor-element-826e843 elementor-section-boxed elementor-section-height-default elementor-section-height-default\" data-id=\"826e843\" data-element_type=\"section\" data-e-type=\"section\">\n\t\t\t\t\t\t<div class=\"elementor-container elementor-column-gap-default\">\n\t\t\t\t\t<div class=\"elementor-column elementor-col-100 elementor-top-column elementor-element elementor-element-f21faf8\" data-id=\"f21faf8\" data-element_type=\"column\" data-e-type=\"column\">\n\t\t\t<div class=\"elementor-widget-wrap elementor-element-populated\">\n\t\t\t\t\t\t<div class=\"elementor-element elementor-element-7c027a1 elementor-widget elementor-widget-heading\" data-id=\"7c027a1\" data-element_type=\"widget\" data-e-type=\"widget\" data-widget_type=\"heading.default\">\n\t\t\t\t<div class=\"elementor-widget-container\">\n\t\t\t\t\t<h2 class=\"elementor-heading-title elementor-size-default\">Clasificados<\/h2>\t\t\t\t<\/div>\n\t\t\t\t<\/div>\n\t\t\t\t<div class=\"elementor-element elementor-element-8433993 elementor-widget-divider--view-line elementor-widget elementor-widget-divider\" data-id=\"8433993\" data-element_type=\"widget\" data-e-type=\"widget\" data-widget_type=\"divider.default\">\n\t\t\t\t<div class=\"elementor-widget-container\">\n\t\t\t\t\t\t\t<div class=\"elementor-divider\">\n\t\t\t<span class=\"elementor-divider-separator\">\n\t\t\t\t\t\t<\/span>\n\t\t<\/div>\n\t\t\t\t\t\t<\/div>\n\t\t\t\t<\/div>\n\t\t\t\t\t<\/div>\n\t\t<\/div>\n\t\t\t\t\t<\/div>\n\t\t<\/section>\n\t\t\t\t<section class=\"elementor-section elementor-top-section elementor-element elementor-element-19709303 elementor-section-boxed elementor-section-height-default elementor-section-height-default\" data-id=\"19709303\" data-element_type=\"section\" data-e-type=\"section\">\n\t\t\t\t\t\t<div class=\"elementor-container elementor-column-gap-default\">\n\t\t\t\t\t<div class=\"elementor-column elementor-col-100 elementor-top-column elementor-element elementor-element-1aee1f3f\" data-id=\"1aee1f3f\" data-element_type=\"column\" data-e-type=\"column\">\n\t\t\t<div class=\"elementor-widget-wrap elementor-element-populated\">\n\t\t\t\t\t\t<div class=\"elementor-element elementor-element-264b5655 elementor-widget elementor-widget-text-editor\" data-id=\"264b5655\" data-element_type=\"widget\" data-e-type=\"widget\" data-widget_type=\"text-editor.default\">\n\t\t\t\t<div class=\"elementor-widget-container\">\n\t\t\t\t\t\t\t\t\t\n<table id=\"tablepress-1\" class=\"tablepress tablepress-id-1\">\n<thead>\n<tr class=\"row-1\">\n\t<th class=\"column-1\">Asunto<\/th><th class=\"column-2\">Descripci\u00f3n<\/th><th class=\"column-3\">Contacto<\/th>\n<\/tr>\n<\/thead>\n<tbody class=\"row-striping\">\n<tr class=\"row-2\">\n\t<td class=\"column-1\">HLB Pharma:<br \/>\nResponsable departamento de Control de Calidad<\/td><td class=\"column-2\">Nuestro Laboratorio, ubicado en la Zona Norte del Gran Buenos Aires, se encuentra en la b\u00fasqueda de un\/a Profesional (Farmac\u00e9utico \u00f3 Bioqu\u00edmico), para cubrir la Responsabilidad del Departamento de Control de Calidad.<br \/>\nFunciones \/ Responsabilidades:<br \/>\n\u2981\tGarantizar la realizaci\u00f3n de las pruebas necesarias para verificar la conformidad de los productos farmac\u00e9uticos, materiales de acondicionamiento y medicamentos, con las especificaciones t\u00e9cnicas de control.<br \/>\n\u2981\tVerificar que las actividades de su \u00e1rea se realicen de acuerdo a lo establecido, con el objetivo de evaluar el cumplimiento y el rendimiento de los analistas a su cargo.<br \/>\n\u2981\tVerificar el cumplimiento de las Buenas Pr\u00e1cticas de Manufactura en toda la Planta.<br \/>\n\u2981\tConservar los certificados de los an\u00e1lisis efectuados a todas las materias primas, materiales de envase y empaque, conjuntamente con los Formularios emitidos internamente por la Compa\u00f1\u00eda.<br \/>\n\u2981\tMediante los protocolos de an\u00e1lisis, definir el estatus de Calidad.<br \/>\n\u2981\tComprobar y asegurar el mantenimiento de su departamento, locales y equipos.<br \/>\n<br \/>\nCompleta el perfil, contar con experiencia en el puesto (no inferior a 2 a\u00f1os), residir en zona norte del Gran Bs. As. (no excluyente), muy buena predisposici\u00f3n y capacidad de empat\u00eda.<\/td><td class=\"column-3\">Los\/as interesados\/as, enviar CV (colocando remuneraci\u00f3n pretendida) a:<br \/>\nmarcelo.sisto@hlb-pharma.com<\/td>\n<\/tr>\n<\/tbody>\n<\/table>\n<!-- #tablepress-1 from cache -->\t\t\t\t\t\t\t\t<\/div>\n\t\t\t\t<\/div>\n\t\t\t\t\t<\/div>\n\t\t<\/div>\n\t\t\t\t\t<\/div>\n\t\t<\/section>\n\t\t\t\t<\/div>\n\t\t","protected":false},"excerpt":{"rendered":"<p>Clasificados<\/p>\n","protected":false},"author":2,"featured_media":0,"parent":0,"menu_order":0,"comment_status":"closed","ping_status":"closed","template":"elementor_header_footer","meta":{"site-sidebar-layout":"no-sidebar","site-content-layout":"plain-container","ast-site-content-layout":"default","site-content-style":"default","site-sidebar-style":"default","ast-global-header-display":"","ast-banner-title-visibility":"","ast-main-header-display":"","ast-hfb-above-header-display":"","ast-hfb-below-header-display":"","ast-hfb-mobile-header-display":"","site-post-title":"disabled","ast-breadcrumbs-content":"","ast-featured-img":"","footer-sml-layout":"","ast-disable-related-posts":"","theme-transparent-header-meta":"default","adv-header-id-meta":"","stick-header-meta":"","header-above-stick-meta":"","header-main-stick-meta":"","header-below-stick-meta":"","astra-migrate-meta-layouts":"default","ast-page-background-enabled":"default","ast-page-background-meta":{"desktop":{"background-color":"var(--ast-global-color-4)","background-image":"","background-repeat":"repeat","background-position":"center center","background-size":"auto","background-attachment":"scroll","background-type":"","background-media":"","overlay-type":"","overlay-color":"","overlay-opacity":"","overlay-gradient":""},"tablet":{"background-color":"","background-image":"","background-repeat":"repeat","background-position":"center center","background-size":"auto","background-attachment":"scroll","background-type":"","background-media":"","overlay-type":"","overlay-color":"","overlay-opacity":"","overlay-gradient":""},"mobile":{"background-color":"","background-image":"","background-repeat":"repeat","background-position":"center center","background-size":"auto","background-attachment":"scroll","background-type":"","background-media":"","overlay-type":"","overlay-color":"","overlay-opacity":"","overlay-gradient":""}},"ast-content-background-meta":{"desktop":{"background-color":"var(--ast-global-color-5)","background-image":"","background-repeat":"repeat","background-position":"center center","background-size":"auto","background-attachment":"scroll","background-type":"","background-media":"","overlay-type":"","overlay-color":"","overlay-opacity":"","overlay-gradient":""},"tablet":{"background-color":"var(--ast-global-color-5)","background-image":"","background-repeat":"repeat","background-position":"center center","background-size":"auto","background-attachment":"scroll","background-type":"","background-media":"","overlay-type":"","overlay-color":"","overlay-opacity":"","overlay-gradient":""},"mobile":{"background-color":"var(--ast-global-color-5)","background-image":"","background-repeat":"repeat","background-position":"center center","background-size":"auto","background-attachment":"scroll","background-type":"","background-media":"","overlay-type":"","overlay-color":"","overlay-opacity":"","overlay-gradient":""}},"footnotes":""},"class_list":["post-752","page","type-page","status-publish","hentry"],"_links":{"self":[{"href":"http:\/\/colfarma.info\/colfarmasanisidro\/wp-json\/wp\/v2\/pages\/752","targetHints":{"allow":["GET"]}}],"collection":[{"href":"http:\/\/colfarma.info\/colfarmasanisidro\/wp-json\/wp\/v2\/pages"}],"about":[{"href":"http:\/\/colfarma.info\/colfarmasanisidro\/wp-json\/wp\/v2\/types\/page"}],"author":[{"embeddable":true,"href":"http:\/\/colfarma.info\/colfarmasanisidro\/wp-json\/wp\/v2\/users\/2"}],"replies":[{"embeddable":true,"href":"http:\/\/colfarma.info\/colfarmasanisidro\/wp-json\/wp\/v2\/comments?post=752"}],"version-history":[{"count":6,"href":"http:\/\/colfarma.info\/colfarmasanisidro\/wp-json\/wp\/v2\/pages\/752\/revisions"}],"predecessor-version":[{"id":9987,"href":"http:\/\/colfarma.info\/colfarmasanisidro\/wp-json\/wp\/v2\/pages\/752\/revisions\/9987"}],"wp:attachment":[{"href":"http:\/\/colfarma.info\/colfarmasanisidro\/wp-json\/wp\/v2\/media?parent=752"}],"curies":[{"name":"wp","href":"https:\/\/api.w.org\/{rel}","templated":true}]}}