{"id":74,"date":"2017-12-04T19:31:52","date_gmt":"2017-12-04T19:31:52","guid":{"rendered":"http:\/\/colfarma.info\/colfarchascomus\/?page_id=74"},"modified":"2017-12-05T13:13:14","modified_gmt":"2017-12-05T13:13:14","slug":"noticias","status":"publish","type":"page","link":"http:\/\/colfarma.info\/colfarchascomus\/noticias\/","title":{"rendered":"Noticias"},"content":{"rendered":"<div id=\"metaslider-id-76\" style=\"max-width: 700px;\" class=\"ml-slider-3-108-0 metaslider metaslider-flex metaslider-76 ml-slider has-dots-nav ms-theme-default\" role=\"region\" aria-label=\"New Slideshow\" data-height=\"300\" data-width=\"700\">\n    <div id=\"metaslider_container_76\">\n        <div id=\"metaslider_76\">\n            <ul class='slides'>\n                <li style=\"display: block; width: 100%;\" class=\"slide-77 ms-image \" aria-roledescription=\"slide\" data-date=\"2017-12-05 13:05:31\" data-filename=\"farmacias-de-turno-1-01-e1514912468600-90x38.jpg\" data-slide-type=\"image\"><a href=\"http:\/\/colfarma.info\/colfarchascomus\/hello-world\/\" target=\"_self\" aria-label=\"Ver detalles de la diapositiva\" class=\"metaslider_image_link\"><img loading=\"lazy\" decoding=\"async\" src=\"http:\/\/colfarma.info\/colfarchascomus\/wp-content\/uploads\/2017\/10\/farmacias-de-turno-1-01-e1514912468600-90x38.jpg\" height=\"300\" width=\"700\" alt=\"\" class=\"slider-76 slide-77 msDefaultImage\" \/><\/a><div class=\"caption-wrap\"><div class=\"caption\">Enterate cuales son las farmacias de turno<\/div><\/div><\/li>\n                <li style=\"display: none; width: 100%;\" class=\"slide-78 ms-image \" aria-roledescription=\"slide\" data-date=\"2017-12-05 13:06:30\" data-filename=\"que-hacer-01-1-e1512404022225-700x300.jpg\" data-slide-type=\"image\"><a href=\"http:\/\/colfarma.info\/colfarchascomus\/que-se-debe-hacer-con-los-medicamentos-vencidos-o-en-desuso-domiciliarios-y-cuales-son-los-riesgos-de-no-hacerlo\/\" target=\"_self\" aria-label=\"Ver detalles de la diapositiva\" class=\"metaslider_image_link\"><img loading=\"lazy\" decoding=\"async\" src=\"http:\/\/colfarma.info\/colfarchascomus\/wp-content\/uploads\/2017\/11\/que-hacer-01-1-e1512404022225-700x300.jpg\" height=\"300\" width=\"700\" alt=\"\" class=\"slider-76 slide-78 msDefaultImage\" \/><\/a><div class=\"caption-wrap\"><div class=\"caption\">\u00bfQue hacer con los mediacmentos vencidos?<\/div><\/div><\/li>\n            <\/ul>\n        <\/div>\n        \n    <\/div>\n<\/div>\n\n\t\t<section id=\"recent-posts-3\" class=\"widget widget_recent_entries amr_widget\"><div class=\"widget-wrap\">\n\t\t<h4 class=\"widget-title\">Entradas recientes<\/h4>\n\t\t<ul>\n\t\t\t\t\t\t\t\t\t\t\t<li>\n\t\t\t\t\t<a href=\"http:\/\/colfarma.info\/colfarchascomus\/novedades\/\">Novedades<\/a>\n\t\t\t\t\t\t\t\t\t<\/li>\n\t\t\t\t\t\t\t\t\t\t\t<li>\n\t\t\t\t\t<a href=\"http:\/\/colfarma.info\/colfarchascomus\/farmaceuticos-de-chascomus-participaron-de-una-iniciativa-solidaria\/\">Farmac\u00e9uticos de Chascom\u00fas participaron de una iniciativa solidaria<\/a>\n\t\t\t\t\t\t\t\t\t<\/li>\n\t\t\t\t\t\t\t\t\t\t\t<li>\n\t\t\t\t\t<a href=\"http:\/\/colfarma.info\/colfarchascomus\/momentosfarmaceuticos-farmacia-central-de-don-adolfo-plou-quimico-farmaceutico-y-algo-mas\/\">#Momentosfarmac\u00e9uticos FARMACIA CENTRAL, DE DON ADOLFO PLOU, QU\u00cdMICO FARMAC\u00c9UTICO Y ALGO M\u00c1S<\/a>\n\t\t\t\t\t\t\t\t\t<\/li>\n\t\t\t\t\t\t\t\t\t\t\t<li>\n\t\t\t\t\t<a href=\"http:\/\/colfarma.info\/colfarchascomus\/las-farmacias-dispensaran-aceite-de-cannabis-sin-lucro-alguno-buscando-garantizar-la-calidad-del-medicamento-v\/\">LUIS FERRARI: \u201cLas farmacias dispensar\u00e1n aceite de cannabis sin lucro alguno,  buscando garantizar la calidad del medicamento y el acceso adecuado   para el tratamiento del paciente que sufre epilepsia refractaria\u201d<\/a>\n\t\t\t\t\t\t\t\t\t<\/li>\n\t\t\t\t\t\t\t\t\t\t\t<li>\n\t\t\t\t\t<a href=\"http:\/\/colfarma.info\/colfarchascomus\/farmacia-arenaza-la-primera-de-la-provincia\/\">Farmacia Arenaza, la primera de la Provincia<\/a>\n\t\t\t\t\t\t\t\t\t<\/li>\n\t\t\t\t\t\t\t\t\t\t\t<li>\n\t\t\t\t\t<a href=\"http:\/\/colfarma.info\/colfarchascomus\/farmacia-farmasur\/\">Farmacia Farmasur<\/a>\n\t\t\t\t\t\t\t\t\t<\/li>\n\t\t\t\t\t\t\t\t\t\t\t<li>\n\t\t\t\t\t<a href=\"http:\/\/colfarma.info\/colfarchascomus\/farmacia-malena\/\">Farmacia Malena<\/a>\n\t\t\t\t\t\t\t\t\t<\/li>\n\t\t\t\t\t\t\t\t\t\t\t<li>\n\t\t\t\t\t<a href=\"http:\/\/colfarma.info\/colfarchascomus\/farmacia-cangialosi\/\">Farmacia Cangialosi<\/a>\n\t\t\t\t\t\t\t\t\t<\/li>\n\t\t\t\t\t\t\t\t\t\t\t<li>\n\t\t\t\t\t<a href=\"http:\/\/colfarma.info\/colfarchascomus\/farmacia-puyssegur-una-sobreviviente\/\">Farmacia Puyssegur, una sobreviviente<\/a>\n\t\t\t\t\t\t\t\t\t<\/li>\n\t\t\t\t\t\t\t\t\t\t\t<li>\n\t\t\t\t\t<a href=\"http:\/\/colfarma.info\/colfarchascomus\/farmacha-chascomus-un-cambio-de-vida\/\">FARMACHA CHASCOM\u00daS, UN CAMBIO DE VIDA<\/a>\n\t\t\t\t\t\t\t\t\t<\/li>\n\t\t\t\t\t<\/ul>\n\n\t\t<\/div><!-- .widget-wrap --><\/section><!-- #widget-default-search -->\n","protected":false},"excerpt":{"rendered":"","protected":false},"author":4,"featured_media":0,"parent":0,"menu_order":0,"comment_status":"closed","ping_status":"closed","template":"","meta":{"footnotes":""},"class_list":["post-74","page","type-page","status-publish","hentry"],"_links":{"self":[{"href":"http:\/\/colfarma.info\/colfarchascomus\/wp-json\/wp\/v2\/pages\/74","targetHints":{"allow":["GET"]}}],"collection":[{"href":"http:\/\/colfarma.info\/colfarchascomus\/wp-json\/wp\/v2\/pages"}],"about":[{"href":"http:\/\/colfarma.info\/colfarchascomus\/wp-json\/wp\/v2\/types\/page"}],"author":[{"embeddable":true,"href":"http:\/\/colfarma.info\/colfarchascomus\/wp-json\/wp\/v2\/users\/4"}],"replies":[{"embeddable":true,"href":"http:\/\/colfarma.info\/colfarchascomus\/wp-json\/wp\/v2\/comments?post=74"}],"version-history":[{"count":5,"href":"http:\/\/colfarma.info\/colfarchascomus\/wp-json\/wp\/v2\/pages\/74\/revisions"}],"predecessor-version":[{"id":84,"href":"http:\/\/colfarma.info\/colfarchascomus\/wp-json\/wp\/v2\/pages\/74\/revisions\/84"}],"wp:attachment":[{"href":"http:\/\/colfarma.info\/colfarchascomus\/wp-json\/wp\/v2\/media?parent=74"}],"curies":[{"name":"wp","href":"https:\/\/api.w.org\/{rel}","templated":true}]}}